{"id":19,"date":"2023-01-20T14:26:49","date_gmt":"2023-01-20T14:26:49","guid":{"rendered":"https:\/\/bomaempresas.es\/2023\/?page_id=19"},"modified":"2025-01-28T16:47:20","modified_gmt":"2025-01-28T16:47:20","slug":"contacto","status":"publish","type":"page","link":"https:\/\/bomaempresas.es\/en\/contacto\/","title":{"rendered":"CONTACT"},"content":{"rendered":"<div data-elementor-type=\"wp-page\" data-elementor-id=\"19\" class=\"elementor elementor-19\" data-elementor-post-type=\"page\">\n\t\t\t\t\t\t<section class=\"elementor-section elementor-top-section elementor-element elementor-element-192e82cf elementor-section-full_width elementor-section-height-default elementor-section-height-default\" data-id=\"192e82cf\" data-element_type=\"section\" data-e-type=\"section\" data-settings=\"{&quot;background_background&quot;:&quot;video&quot;,&quot;background_video_link&quot;:&quot;https:\\\/\\\/bomaempresas.es\\\/2023\\\/wp-content\\\/uploads\\\/2023\\\/02\\\/yuca.mp4&quot;,&quot;background_play_on_mobile&quot;:&quot;yes&quot;}\">\n\t\t\t\t\t\t\t\t<div class=\"elementor-background-video-container\">\n\t\t\t\t\t\t\t\t\t\t\t\t\t<video class=\"elementor-background-video-hosted\" role=\"presentation\" autoplay muted playsinline loop><\/video>\n\t\t\t\t\t\t\t\t\t\t\t<\/div>\n\t\t\t\t\t\t\t\t\t<div class=\"elementor-background-overlay\"><\/div>\n\t\t\t\t\t\t\t<div class=\"elementor-container elementor-column-gap-default\">\n\t\t\t\t\t<div class=\"elementor-column elementor-col-100 elementor-top-column elementor-element elementor-element-45767900\" data-id=\"45767900\" data-element_type=\"column\" data-e-type=\"column\" data-settings=\"{&quot;background_background&quot;:&quot;gradient&quot;}\">\n\t\t\t<div class=\"elementor-widget-wrap elementor-element-populated\">\n\t\t\t\t\t\t<section class=\"elementor-section elementor-inner-section elementor-element elementor-element-43742281 elementor-section-boxed elementor-section-height-default elementor-section-height-default\" data-id=\"43742281\" data-element_type=\"section\" data-e-type=\"section\">\n\t\t\t\t\t\t<div class=\"elementor-container elementor-column-gap-default\">\n\t\t\t\t\t<div class=\"elementor-column elementor-col-100 elementor-inner-column elementor-element elementor-element-1c025682\" data-id=\"1c025682\" data-element_type=\"column\" data-e-type=\"column\" data-settings=\"{&quot;background_background&quot;:&quot;gradient&quot;}\">\n\t\t\t<div class=\"elementor-widget-wrap elementor-element-populated\">\n\t\t\t\t\t\t<div class=\"elementor-element elementor-element-294b9f11 elementor-widget elementor-widget-image\" data-id=\"294b9f11\" data-element_type=\"widget\" data-e-type=\"widget\" data-widget_type=\"image.default\">\n\t\t\t\t<div class=\"elementor-widget-container\">\n\t\t\t\t\t\t\t\t\t\t\t\t\t\t\t<img decoding=\"async\" width=\"150\" height=\"150\" src=\"https:\/\/bomaempresas.es\/2023\/wp-content\/uploads\/2023\/01\/Gold-Foil-Logo-Mockup-150x150.png\" class=\"attachment-thumbnail size-thumbnail wp-image-27\" alt=\"\" \/>\t\t\t\t\t\t\t\t\t\t\t\t\t\t\t<\/div>\n\t\t\t\t<\/div>\n\t\t\t\t<div class=\"elementor-element elementor-element-c95fcbc elementor-widget elementor-widget-text-editor\" data-id=\"c95fcbc\" data-element_type=\"widget\" data-e-type=\"widget\" data-widget_type=\"text-editor.default\">\n\t\t\t\t<div class=\"elementor-widget-container\">\n\t\t\t\t\t\t\t\t\tJa\u00e9n, 09. Ofic. 110 <br>\n\nEdificio Galia Center<br>\n\n29004 M\u00e1laga\t\t\t\t\t\t\t\t<\/div>\n\t\t\t\t<\/div>\n\t\t\t\t<div class=\"elementor-element elementor-element-582b94e elementor-widget-divider--view-line elementor-widget elementor-widget-divider\" data-id=\"582b94e\" data-element_type=\"widget\" data-e-type=\"widget\" data-widget_type=\"divider.default\">\n\t\t\t\t<div class=\"elementor-widget-container\">\n\t\t\t\t\t\t\t<div class=\"elementor-divider\">\n\t\t\t<span class=\"elementor-divider-separator\">\n\t\t\t\t\t\t<\/span>\n\t\t<\/div>\n\t\t\t\t\t\t<\/div>\n\t\t\t\t<\/div>\n\t\t\t\t<div class=\"elementor-element elementor-element-7488cfac elementor-widget elementor-widget-text-editor\" data-id=\"7488cfac\" data-element_type=\"widget\" data-e-type=\"widget\" data-widget_type=\"text-editor.default\">\n\t\t\t\t<div class=\"elementor-widget-container\">\n\t\t\t\t\t\t\t\t\t<p>CC. Plaza<\/p><p>Avda. Manolete, 1 Local 8A<\/p><p>29660 Marbella<\/p>\t\t\t\t\t\t\t\t<\/div>\n\t\t\t\t<\/div>\n\t\t\t\t<div class=\"elementor-element elementor-element-b80ebe8 elementor-widget elementor-widget-text-editor\" data-id=\"b80ebe8\" data-element_type=\"widget\" data-e-type=\"widget\" data-widget_type=\"text-editor.default\">\n\t\t\t\t<div class=\"elementor-widget-container\">\n\t\t\t\t\t\t\t\t\t<p><a style=\"color: #078c8e;\" href=\"mailto:boma@bomaempresas.es\" target=\"_blank\" rel=\"noopener\">boma@bomaempresas.es<\/a><\/p>\t\t\t\t\t\t\t\t<\/div>\n\t\t\t\t<\/div>\n\t\t\t\t<div class=\"elementor-element elementor-element-52189cdc elementor-widget elementor-widget-heading\" data-id=\"52189cdc\" data-element_type=\"widget\" data-e-type=\"widget\" data-widget_type=\"heading.default\">\n\t\t\t\t<div class=\"elementor-widget-container\">\n\t\t\t\t\t<h3 class=\"elementor-heading-title elementor-size-small\">CONTACT<\/h3>\t\t\t\t<\/div>\n\t\t\t\t<\/div>\n\t\t\t\t<div class=\"elementor-element elementor-element-a2211aa elementor-widget elementor-widget-text-editor\" data-id=\"a2211aa\" data-element_type=\"widget\" data-e-type=\"widget\" data-widget_type=\"text-editor.default\">\n\t\t\t\t<div class=\"elementor-widget-container\">\n\t\t\t\t\t\t\t\t\t<p>\n<div class=\"wpcf7 no-js\" id=\"wpcf7-f2429-o1\" lang=\"es-ES\" dir=\"ltr\" data-wpcf7-id=\"2429\">\n<div class=\"screen-reader-response\"><p role=\"status\" aria-live=\"polite\" aria-atomic=\"true\"><\/p> <ul><\/ul><\/div>\n<form action=\"\/en\/wp-json\/wp\/v2\/pages\/19#wpcf7-f2429-o1\" method=\"post\" class=\"wpcf7-form init\" aria-label=\"Formulario de contacto\" novalidate=\"novalidate\" data-status=\"init\" data-trp-original-action=\"\/en\/wp-json\/wp\/v2\/pages\/19#wpcf7-f2429-o1\">\n<fieldset class=\"hidden-fields-container\"><input type=\"hidden\" name=\"_wpcf7\" value=\"2429\" \/><input type=\"hidden\" name=\"_wpcf7_version\" value=\"6.1.5\" \/><input type=\"hidden\" name=\"_wpcf7_locale\" value=\"es_ES\" \/><input type=\"hidden\" name=\"_wpcf7_unit_tag\" value=\"wpcf7-f2429-o1\" \/><input type=\"hidden\" name=\"_wpcf7_container_post\" value=\"0\" \/><input type=\"hidden\" name=\"_wpcf7_posted_data_hash\" value=\"\" \/>\n<\/fieldset>\n<p><label> Name<br \/>\n<span class=\"wpcf7-form-control-wrap\" data-name=\"your-name\"><input size=\"40\" maxlength=\"400\" class=\"wpcf7-form-control wpcf7-text wpcf7-validates-as-required\" autocomplete=\"name\" aria-required=\"true\" aria-invalid=\"false\" value=\"\" type=\"text\" name=\"your-name\" \/><\/span> <\/label>\n<\/p>\n<p><label> Correo electr\u00f3nico<br \/>\n<span class=\"wpcf7-form-control-wrap\" data-name=\"your-email\"><input size=\"40\" maxlength=\"400\" class=\"wpcf7-form-control wpcf7-email wpcf7-validates-as-required wpcf7-text wpcf7-validates-as-email\" autocomplete=\"email\" aria-required=\"true\" aria-invalid=\"false\" value=\"\" type=\"email\" name=\"your-email\" \/><\/span> <\/label>\n<\/p>\n<p><label> Asunto<br \/>\n<span class=\"wpcf7-form-control-wrap\" data-name=\"your-subject\"><input size=\"40\" maxlength=\"400\" class=\"wpcf7-form-control wpcf7-text wpcf7-validates-as-required\" aria-required=\"true\" aria-invalid=\"false\" value=\"\" type=\"text\" name=\"your-subject\" \/><\/span> <\/label>\n<\/p>\n<p><label> Message<br \/>\n<span class=\"wpcf7-form-control-wrap\" data-name=\"your-message\"><textarea cols=\"40\" rows=\"10\" maxlength=\"2000\" class=\"wpcf7-form-control wpcf7-textarea wpcf7-validates-as-required\" aria-required=\"true\" aria-invalid=\"false\" name=\"your-message\"><\/textarea><\/span> <\/label>\n<\/p>\n<p><label><br \/>\n<span class=\"wpcf7-form-control-wrap\" data-name=\"acepto-privacidad\"><span class=\"wpcf7-form-control wpcf7-checkbox wpcf7-validates-as-required\"><span class=\"wpcf7-list-item first last\"><input type=\"checkbox\" name=\"acepto-privacidad[]\" value=\"He le\u00eddo y acepto la\" \/><span class=\"wpcf7-list-item-label\">I have read and accept the<\/span><\/span><\/span><\/span> <a href=\"\/en\/politica-de-privacidad\/\">Pol\u00edtica de privacidad<\/a><\/label>\n<\/p>\n<p><input class=\"wpcf7-form-control wpcf7-submit has-spinner\" type=\"submit\" value=\"SEND\" \/>\n<\/p><div class=\"wpcf7-response-output\" aria-hidden=\"true\"><\/div>\n<input type=\"hidden\" name=\"trp-form-language\" value=\"en\"\/><\/form>\n<\/div>\n<\/p>\t\t\t\t\t\t\t\t<\/div>\n\t\t\t\t<\/div>\n\t\t\t\t\t<\/div>\n\t\t<\/div>\n\t\t\t\t\t<\/div>\n\t\t<\/section>\n\t\t\t\t\t<\/div>\n\t\t<\/div>\n\t\t\t\t\t<\/div>\n\t\t<\/section>\n\t\t\t\t<\/div>","protected":false},"excerpt":{"rendered":"<p>Ja\u00e9n, 09. Ofic. 110 Edificio Galia Center 29004 M\u00e1laga CC. Plaza Avda. Manolete, 1 Local 8A 29660 Marbella boma@bomaempresas.es CONTACTO<\/p>","protected":false},"author":1,"featured_media":0,"parent":0,"menu_order":0,"comment_status":"closed","ping_status":"closed","template":"","meta":{"_acf_changed":false,"footnotes":""},"class_list":["post-19","page","type-page","status-publish","hentry"],"acf":[],"yoast_head":"<!-- This site is optimized with the Yoast SEO plugin v27.0 - https:\/\/yoast.com\/product\/yoast-seo-wordpress\/ -->\n<title>CONTACTO - BOMA CORPORACI\u00d3N<\/title>\n<meta name=\"robots\" content=\"index, follow, max-snippet:-1, max-image-preview:large, max-video-preview:-1\" \/>\n<link rel=\"canonical\" href=\"https:\/\/bomaempresas.es\/en\/contacto\/\" \/>\n<meta property=\"og:locale\" content=\"en_GB\" \/>\n<meta property=\"og:type\" content=\"article\" \/>\n<meta property=\"og:title\" content=\"CONTACTO - BOMA CORPORACI\u00d3N\" \/>\n<meta property=\"og:description\" content=\"Ja\u00e9n, 09. Ofic. 110 Edificio Galia Center 29004 M\u00e1laga CC. Plaza Avda. Manolete, 1 Local 8A 29660 Marbella boma@bomaempresas.es CONTACTO\" \/>\n<meta property=\"og:url\" content=\"https:\/\/bomaempresas.es\/en\/contacto\/\" \/>\n<meta property=\"og:site_name\" content=\"BOMA CORPORACI\u00d3N\" \/>\n<meta property=\"article:modified_time\" content=\"2025-01-28T16:47:20+00:00\" \/>\n<meta property=\"og:image\" content=\"https:\/\/bomaempresas.es\/2023\/wp-content\/uploads\/2023\/01\/Gold-Foil-Logo-Mockup.png\" \/>\n\t<meta property=\"og:image:width\" content=\"895\" \/>\n\t<meta property=\"og:image:height\" content=\"939\" \/>\n\t<meta property=\"og:image:type\" content=\"image\/png\" \/>\n<meta name=\"twitter:card\" content=\"summary_large_image\" \/>\n<meta name=\"twitter:label1\" content=\"Estimated reading time\" \/>\n\t<meta name=\"twitter:data1\" content=\"1 minute\" \/>\n<script type=\"application\/ld+json\" class=\"yoast-schema-graph\">{\"@context\":\"https:\/\/schema.org\",\"@graph\":[{\"@type\":\"WebPage\",\"@id\":\"https:\/\/bomaempresas.es\/contacto\/\",\"url\":\"https:\/\/bomaempresas.es\/contacto\/\",\"name\":\"CONTACTO - BOMA CORPORACI\u00d3N\",\"isPartOf\":{\"@id\":\"https:\/\/bomaempresas.es\/#website\"},\"primaryImageOfPage\":{\"@id\":\"https:\/\/bomaempresas.es\/contacto\/#primaryimage\"},\"image\":{\"@id\":\"https:\/\/bomaempresas.es\/contacto\/#primaryimage\"},\"thumbnailUrl\":\"https:\/\/bomaempresas.es\/2023\/wp-content\/uploads\/2023\/01\/Gold-Foil-Logo-Mockup-150x150.png\",\"datePublished\":\"2023-01-20T14:26:49+00:00\",\"dateModified\":\"2025-01-28T16:47:20+00:00\",\"breadcrumb\":{\"@id\":\"https:\/\/bomaempresas.es\/contacto\/#breadcrumb\"},\"inLanguage\":\"en-GB\",\"potentialAction\":[{\"@type\":\"ReadAction\",\"target\":[\"https:\/\/bomaempresas.es\/contacto\/\"]}]},{\"@type\":\"ImageObject\",\"inLanguage\":\"en-GB\",\"@id\":\"https:\/\/bomaempresas.es\/contacto\/#primaryimage\",\"url\":\"https:\/\/bomaempresas.es\/2023\/wp-content\/uploads\/2023\/01\/Gold-Foil-Logo-Mockup-150x150.png\",\"contentUrl\":\"https:\/\/bomaempresas.es\/2023\/wp-content\/uploads\/2023\/01\/Gold-Foil-Logo-Mockup-150x150.png\"},{\"@type\":\"BreadcrumbList\",\"@id\":\"https:\/\/bomaempresas.es\/contacto\/#breadcrumb\",\"itemListElement\":[{\"@type\":\"ListItem\",\"position\":1,\"name\":\"Portada\",\"item\":\"https:\/\/bomaempresas.es\/\"},{\"@type\":\"ListItem\",\"position\":2,\"name\":\"CONTACTO\"}]},{\"@type\":\"WebSite\",\"@id\":\"https:\/\/bomaempresas.es\/#website\",\"url\":\"https:\/\/bomaempresas.es\/\",\"name\":\"BOMA CORPORACI\u00d3N\",\"description\":\"Sector Servicios y Comunidades de Propietarios\",\"publisher\":{\"@id\":\"https:\/\/bomaempresas.es\/#organization\"},\"potentialAction\":[{\"@type\":\"SearchAction\",\"target\":{\"@type\":\"EntryPoint\",\"urlTemplate\":\"https:\/\/bomaempresas.es\/?s={search_term_string}\"},\"query-input\":{\"@type\":\"PropertyValueSpecification\",\"valueRequired\":true,\"valueName\":\"search_term_string\"}}],\"inLanguage\":\"en-GB\"},{\"@type\":\"Organization\",\"@id\":\"https:\/\/bomaempresas.es\/#organization\",\"name\":\"BOMA CORPORACI\u00d3N\",\"url\":\"https:\/\/bomaempresas.es\/\",\"logo\":{\"@type\":\"ImageObject\",\"inLanguage\":\"en-GB\",\"@id\":\"https:\/\/bomaempresas.es\/#\/schema\/logo\/image\/\",\"url\":\"https:\/\/bomaempresas.es\/2023\/wp-content\/uploads\/2023\/01\/logo.jpg\",\"contentUrl\":\"https:\/\/bomaempresas.es\/2023\/wp-content\/uploads\/2023\/01\/logo.jpg\",\"width\":255,\"height\":359,\"caption\":\"BOMA CORPORACI\u00d3N\"},\"image\":{\"@id\":\"https:\/\/bomaempresas.es\/#\/schema\/logo\/image\/\"}}]}<\/script>\n<!-- \/ Yoast SEO plugin. -->","yoast_head_json":{"title":"CONTACTO - BOMA CORPORACI\u00d3N","robots":{"index":"index","follow":"follow","max-snippet":"max-snippet:-1","max-image-preview":"max-image-preview:large","max-video-preview":"max-video-preview:-1"},"canonical":"https:\/\/bomaempresas.es\/en\/contacto\/","og_locale":"en_GB","og_type":"article","og_title":"CONTACTO - BOMA CORPORACI\u00d3N","og_description":"Ja\u00e9n, 09. Ofic. 110 Edificio Galia Center 29004 M\u00e1laga CC. Plaza Avda. Manolete, 1 Local 8A 29660 Marbella boma@bomaempresas.es CONTACTO","og_url":"https:\/\/bomaempresas.es\/en\/contacto\/","og_site_name":"BOMA CORPORACI\u00d3N","article_modified_time":"2025-01-28T16:47:20+00:00","og_image":[{"width":895,"height":939,"url":"https:\/\/bomaempresas.es\/2023\/wp-content\/uploads\/2023\/01\/Gold-Foil-Logo-Mockup.png","type":"image\/png"}],"twitter_card":"summary_large_image","twitter_misc":{"Estimated reading time":"1 minute"},"schema":{"@context":"https:\/\/schema.org","@graph":[{"@type":"WebPage","@id":"https:\/\/bomaempresas.es\/contacto\/","url":"https:\/\/bomaempresas.es\/contacto\/","name":"CONTACTO - BOMA CORPORACI\u00d3N","isPartOf":{"@id":"https:\/\/bomaempresas.es\/#website"},"primaryImageOfPage":{"@id":"https:\/\/bomaempresas.es\/contacto\/#primaryimage"},"image":{"@id":"https:\/\/bomaempresas.es\/contacto\/#primaryimage"},"thumbnailUrl":"https:\/\/bomaempresas.es\/2023\/wp-content\/uploads\/2023\/01\/Gold-Foil-Logo-Mockup-150x150.png","datePublished":"2023-01-20T14:26:49+00:00","dateModified":"2025-01-28T16:47:20+00:00","breadcrumb":{"@id":"https:\/\/bomaempresas.es\/contacto\/#breadcrumb"},"inLanguage":"en-GB","potentialAction":[{"@type":"ReadAction","target":["https:\/\/bomaempresas.es\/contacto\/"]}]},{"@type":"ImageObject","inLanguage":"en-GB","@id":"https:\/\/bomaempresas.es\/contacto\/#primaryimage","url":"https:\/\/bomaempresas.es\/2023\/wp-content\/uploads\/2023\/01\/Gold-Foil-Logo-Mockup-150x150.png","contentUrl":"https:\/\/bomaempresas.es\/2023\/wp-content\/uploads\/2023\/01\/Gold-Foil-Logo-Mockup-150x150.png"},{"@type":"BreadcrumbList","@id":"https:\/\/bomaempresas.es\/contacto\/#breadcrumb","itemListElement":[{"@type":"ListItem","position":1,"name":"Portada","item":"https:\/\/bomaempresas.es\/"},{"@type":"ListItem","position":2,"name":"CONTACTO"}]},{"@type":"WebSite","@id":"https:\/\/bomaempresas.es\/#website","url":"https:\/\/bomaempresas.es\/","name":"BOMA CORPORACI\u00d3N","description":"Sector Servicios y Comunidades de Propietarios","publisher":{"@id":"https:\/\/bomaempresas.es\/#organization"},"potentialAction":[{"@type":"SearchAction","target":{"@type":"EntryPoint","urlTemplate":"https:\/\/bomaempresas.es\/?s={search_term_string}"},"query-input":{"@type":"PropertyValueSpecification","valueRequired":true,"valueName":"search_term_string"}}],"inLanguage":"en-GB"},{"@type":"Organization","@id":"https:\/\/bomaempresas.es\/#organization","name":"BOMA CORPORACI\u00d3N","url":"https:\/\/bomaempresas.es\/","logo":{"@type":"ImageObject","inLanguage":"en-GB","@id":"https:\/\/bomaempresas.es\/#\/schema\/logo\/image\/","url":"https:\/\/bomaempresas.es\/2023\/wp-content\/uploads\/2023\/01\/logo.jpg","contentUrl":"https:\/\/bomaempresas.es\/2023\/wp-content\/uploads\/2023\/01\/logo.jpg","width":255,"height":359,"caption":"BOMA CORPORACI\u00d3N"},"image":{"@id":"https:\/\/bomaempresas.es\/#\/schema\/logo\/image\/"}}]}},"_links":{"self":[{"href":"https:\/\/bomaempresas.es\/en\/wp-json\/wp\/v2\/pages\/19","targetHints":{"allow":["GET"]}}],"collection":[{"href":"https:\/\/bomaempresas.es\/en\/wp-json\/wp\/v2\/pages"}],"about":[{"href":"https:\/\/bomaempresas.es\/en\/wp-json\/wp\/v2\/types\/page"}],"author":[{"embeddable":true,"href":"https:\/\/bomaempresas.es\/en\/wp-json\/wp\/v2\/users\/1"}],"replies":[{"embeddable":true,"href":"https:\/\/bomaempresas.es\/en\/wp-json\/wp\/v2\/comments?post=19"}],"version-history":[{"count":88,"href":"https:\/\/bomaempresas.es\/en\/wp-json\/wp\/v2\/pages\/19\/revisions"}],"predecessor-version":[{"id":2699,"href":"https:\/\/bomaempresas.es\/en\/wp-json\/wp\/v2\/pages\/19\/revisions\/2699"}],"wp:attachment":[{"href":"https:\/\/bomaempresas.es\/en\/wp-json\/wp\/v2\/media?parent=19"}],"curies":[{"name":"wp","href":"https:\/\/api.w.org\/{rel}","templated":true}]}}