{"id":13,"date":"2023-01-20T14:25:52","date_gmt":"2023-01-20T14:25:52","guid":{"rendered":"https:\/\/bomaempresas.es\/2023\/?page_id=13"},"modified":"2025-01-22T15:09:58","modified_gmt":"2025-01-22T15:09:58","slug":"sistemas","status":"publish","type":"page","link":"https:\/\/bomaempresas.es\/en\/sistemas\/","title":{"rendered":"SYSTEMS"},"content":{"rendered":"\t\t<div data-elementor-type=\"wp-page\" data-elementor-id=\"13\" class=\"elementor elementor-13\" data-elementor-post-type=\"page\">\n\t\t\t\t\t\t<section class=\"elementor-section elementor-top-section elementor-element elementor-element-025ea40 elementor-section-items-stretch elementor-section-height-min-height elementor-section-boxed elementor-section-height-default\" data-id=\"025ea40\" data-element_type=\"section\" data-e-type=\"section\" data-settings=\"{&quot;background_background&quot;:&quot;classic&quot;,&quot;sticky&quot;:&quot;top&quot;,&quot;sticky_on&quot;:[&quot;desktop&quot;,&quot;tablet&quot;,&quot;mobile&quot;],&quot;sticky_offset&quot;:0,&quot;sticky_effects_offset&quot;:0}\">\n\t\t\t\t\t\t<div class=\"elementor-container elementor-column-gap-default\">\n\t\t\t\t\t<div class=\"elementor-column elementor-col-100 elementor-top-column elementor-element elementor-element-7ccedfd elementor-invisible\" data-id=\"7ccedfd\" data-element_type=\"column\" data-e-type=\"column\" data-settings=\"{&quot;background_background&quot;:&quot;classic&quot;,&quot;background_motion_fx_translateY_effect&quot;:&quot;yes&quot;,&quot;background_motion_fx_translateY_speed&quot;:{&quot;unit&quot;:&quot;px&quot;,&quot;size&quot;:2.8,&quot;sizes&quot;:[]},&quot;background_motion_fx_translateY_affectedRange&quot;:{&quot;unit&quot;:&quot;%&quot;,&quot;size&quot;:&quot;&quot;,&quot;sizes&quot;:{&quot;start&quot;:31,&quot;end&quot;:71}},&quot;motion_fx_motion_fx_scrolling&quot;:&quot;yes&quot;,&quot;motion_fx_translateY_effect&quot;:&quot;yes&quot;,&quot;motion_fx_translateY_speed&quot;:{&quot;unit&quot;:&quot;px&quot;,&quot;size&quot;:8.8,&quot;sizes&quot;:[]},&quot;background_motion_fx_motion_fx_scrolling&quot;:&quot;yes&quot;,&quot;background_motion_fx_translateY_direction&quot;:&quot;negative&quot;,&quot;motion_fx_translateY_affectedRange&quot;:{&quot;unit&quot;:&quot;%&quot;,&quot;size&quot;:&quot;&quot;,&quot;sizes&quot;:{&quot;start&quot;:38,&quot;end&quot;:61}},&quot;animation&quot;:&quot;fadeIn&quot;,&quot;background_motion_fx_devices&quot;:[&quot;desktop&quot;,&quot;tablet&quot;,&quot;mobile&quot;],&quot;motion_fx_devices&quot;:[&quot;desktop&quot;,&quot;tablet&quot;,&quot;mobile&quot;]}\">\n\t\t\t<div class=\"elementor-widget-wrap elementor-element-populated\">\n\t\t\t\t\t<div class=\"elementor-background-overlay\"><\/div>\n\t\t\t\t\t\t<div class=\"elementor-element elementor-element-bed8252 elementor-widget elementor-widget-heading\" data-id=\"bed8252\" data-element_type=\"widget\" data-e-type=\"widget\" data-widget_type=\"heading.default\">\n\t\t\t\t<div class=\"elementor-widget-container\">\n\t\t\t\t\t<h1 class=\"elementor-heading-title elementor-size-default\">Instalaci\u00f3n y Mantenimiento de Sistemas<\/h1>\t\t\t\t<\/div>\n\t\t\t\t<\/div>\n\t\t\t\t<div class=\"elementor-element elementor-element-5850521 elementor-widget__width-initial elementor-widget elementor-widget-heading\" data-id=\"5850521\" data-element_type=\"widget\" data-e-type=\"widget\" data-widget_type=\"heading.default\">\n\t\t\t\t<div class=\"elementor-widget-container\">\n\t\t\t\t\t<p class=\"elementor-heading-title elementor-size-default\">LA SEGURIDAD ES NUESTRO OBJETIVO.<br>\n\nGRANDES COMPA\u00d1\u00cdAS NOS CONF\u00cdAN SUS INSTALACIONES.<br>\n\nINSTALAMOS Y MANTENEMOS<\/p>\t\t\t\t<\/div>\n\t\t\t\t<\/div>\n\t\t\t\t\t<\/div>\n\t\t<\/div>\n\t\t\t\t\t<\/div>\n\t\t<\/section>\n\t\t\t\t<section class=\"elementor-section elementor-top-section elementor-element elementor-element-1af6c07 elementor-section-items-stretch elementor-section-height-min-height elementor-section-boxed elementor-section-height-default\" data-id=\"1af6c07\" data-element_type=\"section\" data-e-type=\"section\" data-settings=\"{&quot;background_background&quot;:&quot;classic&quot;,&quot;sticky&quot;:&quot;top&quot;,&quot;sticky_on&quot;:[&quot;desktop&quot;,&quot;tablet&quot;,&quot;mobile&quot;],&quot;sticky_offset&quot;:0,&quot;sticky_effects_offset&quot;:0}\">\n\t\t\t\t\t\t<div class=\"elementor-container elementor-column-gap-default\">\n\t\t\t\t\t<div class=\"elementor-column elementor-col-100 elementor-top-column elementor-element elementor-element-07e5d55 elementor-invisible\" data-id=\"07e5d55\" data-element_type=\"column\" data-e-type=\"column\" data-settings=\"{&quot;background_background&quot;:&quot;classic&quot;,&quot;background_motion_fx_translateY_effect&quot;:&quot;yes&quot;,&quot;background_motion_fx_translateY_speed&quot;:{&quot;unit&quot;:&quot;px&quot;,&quot;size&quot;:2.8,&quot;sizes&quot;:[]},&quot;background_motion_fx_translateY_affectedRange&quot;:{&quot;unit&quot;:&quot;%&quot;,&quot;size&quot;:&quot;&quot;,&quot;sizes&quot;:{&quot;start&quot;:31,&quot;end&quot;:71}},&quot;motion_fx_motion_fx_scrolling&quot;:&quot;yes&quot;,&quot;motion_fx_translateY_effect&quot;:&quot;yes&quot;,&quot;motion_fx_translateY_speed&quot;:{&quot;unit&quot;:&quot;px&quot;,&quot;size&quot;:8.8,&quot;sizes&quot;:[]},&quot;background_motion_fx_motion_fx_scrolling&quot;:&quot;yes&quot;,&quot;background_motion_fx_translateY_direction&quot;:&quot;negative&quot;,&quot;motion_fx_translateY_affectedRange&quot;:{&quot;unit&quot;:&quot;%&quot;,&quot;size&quot;:&quot;&quot;,&quot;sizes&quot;:{&quot;start&quot;:38,&quot;end&quot;:61}},&quot;animation&quot;:&quot;fadeIn&quot;,&quot;background_motion_fx_devices&quot;:[&quot;desktop&quot;,&quot;tablet&quot;,&quot;mobile&quot;],&quot;motion_fx_devices&quot;:[&quot;desktop&quot;,&quot;tablet&quot;,&quot;mobile&quot;]}\">\n\t\t\t<div class=\"elementor-widget-wrap elementor-element-populated\">\n\t\t\t\t\t<div class=\"elementor-background-overlay\"><\/div>\n\t\t\t\t\t\t<div class=\"elementor-element elementor-element-34c79e5 elementor-widget__width-initial elementor-widget elementor-widget-heading\" data-id=\"34c79e5\" data-element_type=\"widget\" data-e-type=\"widget\" data-widget_type=\"heading.default\">\n\t\t\t\t<div class=\"elementor-widget-container\">\n\t\t\t\t\t<h2 class=\"elementor-heading-title elementor-size-default\">GRUPOS DE PRESI\u00d3N Y BOMBEO<\/h2>\t\t\t\t<\/div>\n\t\t\t\t<\/div>\n\t\t\t\t<div class=\"elementor-element elementor-element-b2688f0 elementor-widget__width-initial elementor-widget elementor-widget-heading\" data-id=\"b2688f0\" data-element_type=\"widget\" data-e-type=\"widget\" data-widget_type=\"heading.default\">\n\t\t\t\t<div class=\"elementor-widget-container\">\n\t\t\t\t\t<p class=\"elementor-heading-title elementor-size-default\">Los grupos de presi\u00f3n y las electrobombas, necesitan un perfecto estudio de necesidades reales en cada caso.<BR>\nDesde la instalaci\u00f3n del grupo m\u00e1s b\u00e1sico, a las bater\u00edas de electrobombas \u00f3 grupos sumergidos, m\u00e1s sofisticadas Boma Sistemas le ofrece la mejor soluci\u00f3n, a la mejor relaci\u00f3n calidad precio.<\/p>\t\t\t\t<\/div>\n\t\t\t\t<\/div>\n\t\t\t\t\t<\/div>\n\t\t<\/div>\n\t\t\t\t\t<\/div>\n\t\t<\/section>\n\t\t\t\t<section class=\"elementor-section elementor-top-section elementor-element elementor-element-80d1de1 elementor-section-items-stretch elementor-section-height-min-height elementor-section-boxed elementor-section-height-default\" data-id=\"80d1de1\" data-element_type=\"section\" data-e-type=\"section\" data-settings=\"{&quot;background_background&quot;:&quot;classic&quot;,&quot;sticky&quot;:&quot;top&quot;,&quot;sticky_on&quot;:[&quot;desktop&quot;,&quot;tablet&quot;,&quot;mobile&quot;],&quot;sticky_offset&quot;:0,&quot;sticky_effects_offset&quot;:0}\">\n\t\t\t\t\t\t<div class=\"elementor-container elementor-column-gap-default\">\n\t\t\t\t\t<div class=\"elementor-column elementor-col-100 elementor-top-column elementor-element elementor-element-74c5f0b elementor-invisible\" data-id=\"74c5f0b\" data-element_type=\"column\" data-e-type=\"column\" data-settings=\"{&quot;background_background&quot;:&quot;classic&quot;,&quot;background_motion_fx_translateY_effect&quot;:&quot;yes&quot;,&quot;background_motion_fx_translateY_speed&quot;:{&quot;unit&quot;:&quot;px&quot;,&quot;size&quot;:2.8,&quot;sizes&quot;:[]},&quot;background_motion_fx_translateY_affectedRange&quot;:{&quot;unit&quot;:&quot;%&quot;,&quot;size&quot;:&quot;&quot;,&quot;sizes&quot;:{&quot;start&quot;:31,&quot;end&quot;:71}},&quot;motion_fx_motion_fx_scrolling&quot;:&quot;yes&quot;,&quot;motion_fx_translateY_effect&quot;:&quot;yes&quot;,&quot;motion_fx_translateY_speed&quot;:{&quot;unit&quot;:&quot;px&quot;,&quot;size&quot;:8.8,&quot;sizes&quot;:[]},&quot;background_motion_fx_motion_fx_scrolling&quot;:&quot;yes&quot;,&quot;background_motion_fx_translateY_direction&quot;:&quot;negative&quot;,&quot;motion_fx_translateY_affectedRange&quot;:{&quot;unit&quot;:&quot;%&quot;,&quot;size&quot;:&quot;&quot;,&quot;sizes&quot;:{&quot;start&quot;:38,&quot;end&quot;:61}},&quot;animation&quot;:&quot;fadeIn&quot;,&quot;background_motion_fx_devices&quot;:[&quot;desktop&quot;,&quot;tablet&quot;,&quot;mobile&quot;],&quot;motion_fx_devices&quot;:[&quot;desktop&quot;,&quot;tablet&quot;,&quot;mobile&quot;]}\">\n\t\t\t<div class=\"elementor-widget-wrap elementor-element-populated\">\n\t\t\t\t\t<div class=\"elementor-background-overlay\"><\/div>\n\t\t\t\t\t\t<div class=\"elementor-element elementor-element-015dc5e elementor-widget__width-initial elementor-widget elementor-widget-heading\" data-id=\"015dc5e\" data-element_type=\"widget\" data-e-type=\"widget\" data-widget_type=\"heading.default\">\n\t\t\t\t<div class=\"elementor-widget-container\">\n\t\t\t\t\t<h2 class=\"elementor-heading-title elementor-size-default\">PUERTAS AUTOM\u00c1TICAS Y AUTOMATISMOS<\/h2>\t\t\t\t<\/div>\n\t\t\t\t<\/div>\n\t\t\t\t<div class=\"elementor-element elementor-element-46173a6 elementor-widget__width-initial elementor-widget elementor-widget-heading\" data-id=\"46173a6\" data-element_type=\"widget\" data-e-type=\"widget\" data-widget_type=\"heading.default\">\n\t\t\t\t<div class=\"elementor-widget-container\">\n\t\t\t\t\t<p class=\"elementor-heading-title elementor-size-default\">Nuestros proveedores son los de m\u00e1s solvencia del mercado en puertas y automatismos y junto a la permanente formaci\u00f3n de nuestros t\u00e9cnicos, nos permite instalar y mantener cualquier puerta \u00f3 automatismo.<\/p>\t\t\t\t<\/div>\n\t\t\t\t<\/div>\n\t\t\t\t\t<\/div>\n\t\t<\/div>\n\t\t\t\t\t<\/div>\n\t\t<\/section>\n\t\t\t\t<section class=\"elementor-section elementor-top-section elementor-element elementor-element-f3015d6 elementor-section-items-stretch elementor-section-height-min-height elementor-section-boxed elementor-section-height-default\" data-id=\"f3015d6\" data-element_type=\"section\" data-e-type=\"section\" data-settings=\"{&quot;background_background&quot;:&quot;classic&quot;,&quot;sticky&quot;:&quot;top&quot;,&quot;sticky_on&quot;:[&quot;desktop&quot;,&quot;tablet&quot;,&quot;mobile&quot;],&quot;sticky_offset&quot;:0,&quot;sticky_effects_offset&quot;:0}\">\n\t\t\t\t\t\t<div class=\"elementor-container elementor-column-gap-default\">\n\t\t\t\t\t<div class=\"elementor-column elementor-col-100 elementor-top-column elementor-element elementor-element-7220a9e elementor-invisible\" data-id=\"7220a9e\" data-element_type=\"column\" data-e-type=\"column\" data-settings=\"{&quot;background_background&quot;:&quot;classic&quot;,&quot;background_motion_fx_translateY_effect&quot;:&quot;yes&quot;,&quot;background_motion_fx_translateY_speed&quot;:{&quot;unit&quot;:&quot;px&quot;,&quot;size&quot;:2.8,&quot;sizes&quot;:[]},&quot;background_motion_fx_translateY_affectedRange&quot;:{&quot;unit&quot;:&quot;%&quot;,&quot;size&quot;:&quot;&quot;,&quot;sizes&quot;:{&quot;start&quot;:31,&quot;end&quot;:71}},&quot;motion_fx_motion_fx_scrolling&quot;:&quot;yes&quot;,&quot;motion_fx_translateY_effect&quot;:&quot;yes&quot;,&quot;motion_fx_translateY_speed&quot;:{&quot;unit&quot;:&quot;px&quot;,&quot;size&quot;:8.8,&quot;sizes&quot;:[]},&quot;background_motion_fx_motion_fx_scrolling&quot;:&quot;yes&quot;,&quot;background_motion_fx_translateY_direction&quot;:&quot;negative&quot;,&quot;motion_fx_translateY_affectedRange&quot;:{&quot;unit&quot;:&quot;%&quot;,&quot;size&quot;:&quot;&quot;,&quot;sizes&quot;:{&quot;start&quot;:38,&quot;end&quot;:61}},&quot;animation&quot;:&quot;fadeIn&quot;,&quot;background_motion_fx_devices&quot;:[&quot;desktop&quot;,&quot;tablet&quot;,&quot;mobile&quot;],&quot;motion_fx_devices&quot;:[&quot;desktop&quot;,&quot;tablet&quot;,&quot;mobile&quot;]}\">\n\t\t\t<div class=\"elementor-widget-wrap elementor-element-populated\">\n\t\t\t\t\t<div class=\"elementor-background-overlay\"><\/div>\n\t\t\t\t\t\t<div class=\"elementor-element elementor-element-d67290a elementor-widget__width-initial elementor-widget elementor-widget-heading\" data-id=\"d67290a\" data-element_type=\"widget\" data-e-type=\"widget\" data-widget_type=\"heading.default\">\n\t\t\t\t<div class=\"elementor-widget-container\">\n\t\t\t\t\t<h2 class=\"elementor-heading-title elementor-size-default\">ANTENAS COMUNITARIAS<\/h2>\t\t\t\t<\/div>\n\t\t\t\t<\/div>\n\t\t\t\t<div class=\"elementor-element elementor-element-4883d1d elementor-widget__width-initial elementor-widget elementor-widget-heading\" data-id=\"4883d1d\" data-element_type=\"widget\" data-e-type=\"widget\" data-widget_type=\"heading.default\">\n\t\t\t\t<div class=\"elementor-widget-container\">\n\t\t\t\t\t<p class=\"elementor-heading-title elementor-size-default\">Nuestra experiencia nos permite realizar instalaciones en comunidades de vecinos,  centros comerciales, establecimientos hoteleros, locales comerciales\u2026para la perfecta recepci\u00f3n de canales nacionales y locales en HD como de cualquier canal internacional emitido v\u00eda sat\u00e9lite.<br>\nEn las instalaciones en comunidades de vecinos, la se\u00f1al debe llegar con la m\u00e1xima calidad a las viviendas, para ello es imprescindible hacer una distribuci\u00f3n de la se\u00f1al perfecta, por eso Boma Sistemas ofrece el mejor servicio de instalaci\u00f3n y mantenimiento.<\/p>\t\t\t\t<\/div>\n\t\t\t\t<\/div>\n\t\t\t\t\t<\/div>\n\t\t<\/div>\n\t\t\t\t\t<\/div>\n\t\t<\/section>\n\t\t\t\t<section class=\"elementor-section elementor-top-section elementor-element elementor-element-87f7213 elementor-section-items-stretch elementor-section-height-min-height elementor-section-boxed elementor-section-height-default\" data-id=\"87f7213\" data-element_type=\"section\" data-e-type=\"section\" data-settings=\"{&quot;background_background&quot;:&quot;classic&quot;,&quot;sticky&quot;:&quot;top&quot;,&quot;sticky_on&quot;:[&quot;desktop&quot;,&quot;tablet&quot;,&quot;mobile&quot;],&quot;sticky_offset&quot;:0,&quot;sticky_effects_offset&quot;:0}\">\n\t\t\t\t\t\t<div class=\"elementor-container elementor-column-gap-default\">\n\t\t\t\t\t<div class=\"elementor-column elementor-col-100 elementor-top-column elementor-element elementor-element-e8c501f elementor-invisible\" data-id=\"e8c501f\" data-element_type=\"column\" data-e-type=\"column\" data-settings=\"{&quot;background_background&quot;:&quot;classic&quot;,&quot;background_motion_fx_translateY_effect&quot;:&quot;yes&quot;,&quot;background_motion_fx_translateY_speed&quot;:{&quot;unit&quot;:&quot;px&quot;,&quot;size&quot;:2.8,&quot;sizes&quot;:[]},&quot;background_motion_fx_translateY_affectedRange&quot;:{&quot;unit&quot;:&quot;%&quot;,&quot;size&quot;:&quot;&quot;,&quot;sizes&quot;:{&quot;start&quot;:31,&quot;end&quot;:71}},&quot;motion_fx_motion_fx_scrolling&quot;:&quot;yes&quot;,&quot;motion_fx_translateY_effect&quot;:&quot;yes&quot;,&quot;motion_fx_translateY_speed&quot;:{&quot;unit&quot;:&quot;px&quot;,&quot;size&quot;:8.8,&quot;sizes&quot;:[]},&quot;background_motion_fx_motion_fx_scrolling&quot;:&quot;yes&quot;,&quot;background_motion_fx_translateY_direction&quot;:&quot;negative&quot;,&quot;motion_fx_translateY_affectedRange&quot;:{&quot;unit&quot;:&quot;%&quot;,&quot;size&quot;:&quot;&quot;,&quot;sizes&quot;:{&quot;start&quot;:38,&quot;end&quot;:61}},&quot;animation&quot;:&quot;fadeIn&quot;,&quot;background_motion_fx_devices&quot;:[&quot;desktop&quot;,&quot;tablet&quot;,&quot;mobile&quot;],&quot;motion_fx_devices&quot;:[&quot;desktop&quot;,&quot;tablet&quot;,&quot;mobile&quot;]}\">\n\t\t\t<div class=\"elementor-widget-wrap elementor-element-populated\">\n\t\t\t\t\t<div class=\"elementor-background-overlay\"><\/div>\n\t\t\t\t\t\t<div class=\"elementor-element elementor-element-8cf88fc elementor-widget__width-initial elementor-widget elementor-widget-heading\" data-id=\"8cf88fc\" data-element_type=\"widget\" data-e-type=\"widget\" data-widget_type=\"heading.default\">\n\t\t\t\t<div class=\"elementor-widget-container\">\n\t\t\t\t\t<h2 class=\"elementor-heading-title elementor-size-default\">PORTEROS Y VIDEOPORTEROS AUTOM\u00c1TICOS<\/h2>\t\t\t\t<\/div>\n\t\t\t\t<\/div>\n\t\t\t\t<div class=\"elementor-element elementor-element-86630bc elementor-widget__width-initial elementor-widget elementor-widget-heading\" data-id=\"86630bc\" data-element_type=\"widget\" data-e-type=\"widget\" data-widget_type=\"heading.default\">\n\t\t\t\t<div class=\"elementor-widget-container\">\n\t\t\t\t\t<p class=\"elementor-heading-title elementor-size-default\">Es importante que se tengan en cuenta las prestaciones y niveles de seguridad a la hora de elegir el portero autom\u00e1tico.<br>\nA la hora de escoger, le asesoraremos para que usted decida si quiere un sistema de audio \u00f3 video.<br>\nEn un portero de audio estos son algunos de los elementos que tendremos que considerar:<br>\nManos libres, con tel\u00e9fono inal\u00e1mbrico o con uno tradicional de par, apertura de una o varias puertas.\nSi optamos por un videoportero tendremos que tener en cuenta las siguientes prestaciones.<br>\nImagen en color o blanco y negro, sistema IP que nos permite controlar el acceso y ver las im\u00e1genes a trav\u00e9s de Internet , visi\u00f3n nocturna, grabaci\u00f3n de im\u00e1genes, apertura de una o varias puertas.<\/p>\t\t\t\t<\/div>\n\t\t\t\t<\/div>\n\t\t\t\t\t<\/div>\n\t\t<\/div>\n\t\t\t\t\t<\/div>\n\t\t<\/section>\n\t\t\t\t<\/div>\n\t\t","protected":false},"excerpt":{"rendered":"<p>Instalaci\u00f3n y Mantenimiento de Sistemas LA SEGURIDAD ES NUESTRO OBJETIVO. GRANDES COMPA\u00d1\u00cdAS NOS CONF\u00cdAN SUS INSTALACIONES. INSTALAMOS Y MANTENEMOS GRUPOS DE PRESI\u00d3N Y BOMBEO Los grupos de presi\u00f3n y las electrobombas, necesitan un perfecto estudio de necesidades reales en cada caso. Desde la instalaci\u00f3n del grupo m\u00e1s b\u00e1sico, a las bater\u00edas de electrobombas \u00f3 grupos [&hellip;]<\/p>\n","protected":false},"author":1,"featured_media":0,"parent":0,"menu_order":0,"comment_status":"closed","ping_status":"closed","template":"elementor_header_footer","meta":{"_acf_changed":false,"footnotes":""},"class_list":["post-13","page","type-page","status-publish","hentry"],"acf":[],"yoast_head":"<!-- This site is optimized with the Yoast SEO plugin v27.0 - https:\/\/yoast.com\/product\/yoast-seo-wordpress\/ -->\n<title>Instalaci\u00f3n y Mantenimiento de Sistemas | BOMA<\/title>\n<meta name=\"description\" content=\"Si est\u00e1s buscando servicios de instalaci\u00f3n de automatismos, antenas y videoporteros comunitarios, cons\u00faltanos y pide presupuesto sin compromiso\" \/>\n<meta name=\"robots\" content=\"index, follow, max-snippet:-1, max-image-preview:large, max-video-preview:-1\" \/>\n<link rel=\"canonical\" href=\"https:\/\/bomaempresas.es\/en\/sistemas\/\" \/>\n<meta property=\"og:locale\" content=\"en_GB\" \/>\n<meta property=\"og:type\" content=\"article\" \/>\n<meta property=\"og:title\" content=\"Instalaci\u00f3n y Mantenimiento de Sistemas | BOMA\" \/>\n<meta property=\"og:description\" content=\"Si est\u00e1s buscando servicios de instalaci\u00f3n de automatismos, antenas y videoporteros comunitarios, cons\u00faltanos y pide presupuesto sin compromiso\" \/>\n<meta property=\"og:url\" content=\"https:\/\/bomaempresas.es\/en\/sistemas\/\" \/>\n<meta property=\"og:site_name\" content=\"BOMA CORPORACI\u00d3N\" \/>\n<meta property=\"article:modified_time\" content=\"2025-01-22T15:09:58+00:00\" \/>\n<meta name=\"twitter:card\" content=\"summary_large_image\" \/>\n<meta name=\"twitter:label1\" content=\"Estimated reading time\" \/>\n\t<meta name=\"twitter:data1\" content=\"2 minutes\" \/>\n<script type=\"application\/ld+json\" class=\"yoast-schema-graph\">{\"@context\":\"https:\/\/schema.org\",\"@graph\":[{\"@type\":\"WebPage\",\"@id\":\"https:\/\/bomaempresas.es\/sistemas\/\",\"url\":\"https:\/\/bomaempresas.es\/sistemas\/\",\"name\":\"Instalaci\u00f3n y Mantenimiento de Sistemas | BOMA\",\"isPartOf\":{\"@id\":\"https:\/\/bomaempresas.es\/#website\"},\"datePublished\":\"2023-01-20T14:25:52+00:00\",\"dateModified\":\"2025-01-22T15:09:58+00:00\",\"description\":\"Si est\u00e1s buscando servicios de instalaci\u00f3n de automatismos, antenas y videoporteros comunitarios, cons\u00faltanos y pide presupuesto sin compromiso\",\"breadcrumb\":{\"@id\":\"https:\/\/bomaempresas.es\/sistemas\/#breadcrumb\"},\"inLanguage\":\"en-GB\",\"potentialAction\":[{\"@type\":\"ReadAction\",\"target\":[\"https:\/\/bomaempresas.es\/sistemas\/\"]}]},{\"@type\":\"BreadcrumbList\",\"@id\":\"https:\/\/bomaempresas.es\/sistemas\/#breadcrumb\",\"itemListElement\":[{\"@type\":\"ListItem\",\"position\":1,\"name\":\"Portada\",\"item\":\"https:\/\/bomaempresas.es\/\"},{\"@type\":\"ListItem\",\"position\":2,\"name\":\"SISTEMAS\"}]},{\"@type\":\"WebSite\",\"@id\":\"https:\/\/bomaempresas.es\/#website\",\"url\":\"https:\/\/bomaempresas.es\/\",\"name\":\"BOMA CORPORACI\u00d3N\",\"description\":\"Sector Servicios y Comunidades de Propietarios\",\"publisher\":{\"@id\":\"https:\/\/bomaempresas.es\/#organization\"},\"potentialAction\":[{\"@type\":\"SearchAction\",\"target\":{\"@type\":\"EntryPoint\",\"urlTemplate\":\"https:\/\/bomaempresas.es\/?s={search_term_string}\"},\"query-input\":{\"@type\":\"PropertyValueSpecification\",\"valueRequired\":true,\"valueName\":\"search_term_string\"}}],\"inLanguage\":\"en-GB\"},{\"@type\":\"Organization\",\"@id\":\"https:\/\/bomaempresas.es\/#organization\",\"name\":\"BOMA CORPORACI\u00d3N\",\"url\":\"https:\/\/bomaempresas.es\/\",\"logo\":{\"@type\":\"ImageObject\",\"inLanguage\":\"en-GB\",\"@id\":\"https:\/\/bomaempresas.es\/#\/schema\/logo\/image\/\",\"url\":\"https:\/\/bomaempresas.es\/2023\/wp-content\/uploads\/2023\/01\/logo.jpg\",\"contentUrl\":\"https:\/\/bomaempresas.es\/2023\/wp-content\/uploads\/2023\/01\/logo.jpg\",\"width\":255,\"height\":359,\"caption\":\"BOMA CORPORACI\u00d3N\"},\"image\":{\"@id\":\"https:\/\/bomaempresas.es\/#\/schema\/logo\/image\/\"}}]}<\/script>\n<!-- \/ Yoast SEO plugin. -->","yoast_head_json":{"title":"Instalaci\u00f3n y Mantenimiento de Sistemas | BOMA","description":"Si est\u00e1s buscando servicios de instalaci\u00f3n de automatismos, antenas y videoporteros comunitarios, cons\u00faltanos y pide presupuesto sin compromiso","robots":{"index":"index","follow":"follow","max-snippet":"max-snippet:-1","max-image-preview":"max-image-preview:large","max-video-preview":"max-video-preview:-1"},"canonical":"https:\/\/bomaempresas.es\/en\/sistemas\/","og_locale":"en_GB","og_type":"article","og_title":"Instalaci\u00f3n y Mantenimiento de Sistemas | BOMA","og_description":"Si est\u00e1s buscando servicios de instalaci\u00f3n de automatismos, antenas y videoporteros comunitarios, cons\u00faltanos y pide presupuesto sin compromiso","og_url":"https:\/\/bomaempresas.es\/en\/sistemas\/","og_site_name":"BOMA CORPORACI\u00d3N","article_modified_time":"2025-01-22T15:09:58+00:00","twitter_card":"summary_large_image","twitter_misc":{"Estimated reading time":"2 minutes"},"schema":{"@context":"https:\/\/schema.org","@graph":[{"@type":"WebPage","@id":"https:\/\/bomaempresas.es\/sistemas\/","url":"https:\/\/bomaempresas.es\/sistemas\/","name":"Instalaci\u00f3n y Mantenimiento de Sistemas | BOMA","isPartOf":{"@id":"https:\/\/bomaempresas.es\/#website"},"datePublished":"2023-01-20T14:25:52+00:00","dateModified":"2025-01-22T15:09:58+00:00","description":"Si est\u00e1s buscando servicios de instalaci\u00f3n de automatismos, antenas y videoporteros comunitarios, cons\u00faltanos y pide presupuesto sin compromiso","breadcrumb":{"@id":"https:\/\/bomaempresas.es\/sistemas\/#breadcrumb"},"inLanguage":"en-GB","potentialAction":[{"@type":"ReadAction","target":["https:\/\/bomaempresas.es\/sistemas\/"]}]},{"@type":"BreadcrumbList","@id":"https:\/\/bomaempresas.es\/sistemas\/#breadcrumb","itemListElement":[{"@type":"ListItem","position":1,"name":"Portada","item":"https:\/\/bomaempresas.es\/"},{"@type":"ListItem","position":2,"name":"SISTEMAS"}]},{"@type":"WebSite","@id":"https:\/\/bomaempresas.es\/#website","url":"https:\/\/bomaempresas.es\/","name":"BOMA CORPORACI\u00d3N","description":"Sector Servicios y Comunidades de Propietarios","publisher":{"@id":"https:\/\/bomaempresas.es\/#organization"},"potentialAction":[{"@type":"SearchAction","target":{"@type":"EntryPoint","urlTemplate":"https:\/\/bomaempresas.es\/?s={search_term_string}"},"query-input":{"@type":"PropertyValueSpecification","valueRequired":true,"valueName":"search_term_string"}}],"inLanguage":"en-GB"},{"@type":"Organization","@id":"https:\/\/bomaempresas.es\/#organization","name":"BOMA CORPORACI\u00d3N","url":"https:\/\/bomaempresas.es\/","logo":{"@type":"ImageObject","inLanguage":"en-GB","@id":"https:\/\/bomaempresas.es\/#\/schema\/logo\/image\/","url":"https:\/\/bomaempresas.es\/2023\/wp-content\/uploads\/2023\/01\/logo.jpg","contentUrl":"https:\/\/bomaempresas.es\/2023\/wp-content\/uploads\/2023\/01\/logo.jpg","width":255,"height":359,"caption":"BOMA CORPORACI\u00d3N"},"image":{"@id":"https:\/\/bomaempresas.es\/#\/schema\/logo\/image\/"}}]}},"_links":{"self":[{"href":"https:\/\/bomaempresas.es\/en\/wp-json\/wp\/v2\/pages\/13","targetHints":{"allow":["GET"]}}],"collection":[{"href":"https:\/\/bomaempresas.es\/en\/wp-json\/wp\/v2\/pages"}],"about":[{"href":"https:\/\/bomaempresas.es\/en\/wp-json\/wp\/v2\/types\/page"}],"author":[{"embeddable":true,"href":"https:\/\/bomaempresas.es\/en\/wp-json\/wp\/v2\/users\/1"}],"replies":[{"embeddable":true,"href":"https:\/\/bomaempresas.es\/en\/wp-json\/wp\/v2\/comments?post=13"}],"version-history":[{"count":281,"href":"https:\/\/bomaempresas.es\/en\/wp-json\/wp\/v2\/pages\/13\/revisions"}],"predecessor-version":[{"id":2637,"href":"https:\/\/bomaempresas.es\/en\/wp-json\/wp\/v2\/pages\/13\/revisions\/2637"}],"wp:attachment":[{"href":"https:\/\/bomaempresas.es\/en\/wp-json\/wp\/v2\/media?parent=13"}],"curies":[{"name":"wp","href":"https:\/\/api.w.org\/{rel}","templated":true}]}}