{"id":1068,"date":"2023-02-16T15:53:31","date_gmt":"2023-02-16T15:53:31","guid":{"rendered":"https:\/\/bomaempresas.es\/2023\/?page_id=1068"},"modified":"2023-05-09T22:45:58","modified_gmt":"2023-05-09T22:45:58","slug":"politica-calidad","status":"publish","type":"page","link":"https:\/\/bomaempresas.es\/en\/politica-calidad\/","title":{"rendered":"QUALITY POLICY"},"content":{"rendered":"<div data-elementor-type=\"wp-page\" data-elementor-id=\"1068\" class=\"elementor elementor-1068\" data-elementor-post-type=\"page\">\n\t\t\t\t\t\t<section class=\"elementor-section elementor-top-section elementor-element elementor-element-0f1ce25 elementor-section-boxed elementor-section-height-default elementor-section-height-default\" data-id=\"0f1ce25\" data-element_type=\"section\" data-e-type=\"section\" data-settings=\"{&quot;background_background&quot;:&quot;classic&quot;}\">\n\t\t\t\t\t\t<div class=\"elementor-container elementor-column-gap-default\">\n\t\t\t\t\t<div class=\"elementor-column elementor-col-100 elementor-top-column elementor-element elementor-element-4b444de\" data-id=\"4b444de\" data-element_type=\"column\" data-e-type=\"column\">\n\t\t\t<div class=\"elementor-widget-wrap elementor-element-populated\">\n\t\t\t\t\t\t<div class=\"elementor-element elementor-element-76b11da elementor-widget elementor-widget-text-editor\" data-id=\"76b11da\" data-element_type=\"widget\" data-e-type=\"widget\" data-widget_type=\"text-editor.default\">\n\t\t\t\t<div class=\"elementor-widget-container\">\n\t\t\t\t\t\t\t\t\t<p><strong>BOMA CORPORACI\u00d3N S.L. <\/strong>is a company specialized in the following activities:<\/p><p>\u00b7 Comprehensive maintenance of buildings: cleaning, gardening and conservation services.<\/p><p>The experience in the sector has made us trustworthy of clients of recognized stature, with a high degree of demand in the services, achieving the full satisfaction of all our clients.<\/p><p>We establish that the Quality Policy is based on:\u00a0<strong><em>Satisfy the expectations of our Clients through the Professionalism of our Service, reaching a high level of efficiency in all the processes of the development of our activity, with the participation of all the Workers.<\/em><\/strong><\/p><p>Besides,\u00a0<strong>BOMA CORPORACI\u00d3N\u00a0<\/strong>specifies and assumes the following principles:<\/p><ul><li>This Policy is\u00a0<strong>communicated and understood\u00a0<\/strong>within the organization and is reviewed for its continuing suitability for the purposes of the organization.<\/li><li>We commit to\u00a0<strong>compliance with the requirements\u00a0<\/strong>established by the applicable regulations, by the client or other requirements that we subscribe to and the\u00a0<strong>continuous improvement\u00a0<\/strong>of the effectiveness of the Quality System, providing a frame of reference for the establishment and revision of our objectives.<\/li><li>Our goal is to get the\u00a0<strong>total customer satisfaction<\/strong>, through compliance and improvement of the quality of services.<\/li><li><strong>Closeness to the client<\/strong>, transmitting the feeling that we are more than suppliers, you participate in a common project working with\u00a0<strong>professionalism, seriousness, honesty and total transparency<\/strong>.<\/li><li>We promise that all\u00a0<strong>human resources are trained and motivated\u00a0<\/strong>to meet the needs of our customers, encouraging suggestions from both customers and workers and providing the necessary ongoing training to enhance the company's human resources.<\/li><\/ul><p>To achieve this commitment, the collaboration of all of us who integrate the human capital of\u00a0<strong>BOMA CORPORACI\u00d3N\u00a0<\/strong>this Policy will contribute to creating a better future for everyone and to obtain recognition from our clients for the high level of services provided.<\/p><p>In Malaga, on September 30, 2022<\/p><p><strong>BORJA CASTILLEJO FUENTES<\/strong><\/p>\t\t\t\t\t\t\t\t<\/div>\n\t\t\t\t<\/div>\n\t\t\t\t<div class=\"elementor-element elementor-element-fa2b47f elementor-widget elementor-widget-image\" data-id=\"fa2b47f\" data-element_type=\"widget\" data-e-type=\"widget\" data-widget_type=\"image.default\">\n\t\t\t\t<div class=\"elementor-widget-container\">\n\t\t\t\t\t\t\t\t\t\t\t\t\t\t\t<img fetchpriority=\"high\" decoding=\"async\" width=\"300\" height=\"178\" src=\"https:\/\/bomaempresas.es\/2023\/wp-content\/uploads\/2023\/02\/firma-300x178.png\" class=\"attachment-medium size-medium wp-image-1097\" alt=\"\" srcset=\"https:\/\/bomaempresas.es\/2023\/wp-content\/uploads\/2023\/02\/firma-300x178.png 300w, https:\/\/bomaempresas.es\/2023\/wp-content\/uploads\/2023\/02\/firma.png 444w\" sizes=\"(max-width: 300px) 100vw, 300px\" \/>\t\t\t\t\t\t\t\t\t\t\t\t\t\t\t<\/div>\n\t\t\t\t<\/div>\n\t\t\t\t\t<\/div>\n\t\t<\/div>\n\t\t\t\t\t<\/div>\n\t\t<\/section>\n\t\t\t\t<\/div>","protected":false},"excerpt":{"rendered":"<p>BOMA CORPORACI\u00d3N S.L. es una empresa especializada en las siguientes actividades: \u00b7 Mantenimiento integral de edificios: servicios de limpieza, jardiner\u00eda y conservaci\u00f3n de los mismos. La experiencia en el sector, nos ha hecho valedores de la confianza de clientes de reconocida talla, con un alto grado de exigencia en los servicios, consiguiendo la satisfacci\u00f3n plena [&hellip;]<\/p>\n","protected":false},"author":1,"featured_media":0,"parent":0,"menu_order":0,"comment_status":"closed","ping_status":"closed","template":"elementor_header_footer","meta":{"_acf_changed":false,"footnotes":""},"class_list":["post-1068","page","type-page","status-publish","hentry"],"acf":[],"yoast_head":"<!-- This site is optimized with the Yoast SEO plugin v27.0 - https:\/\/yoast.com\/product\/yoast-seo-wordpress\/ -->\n<title>POL\u00cdTICA DE CALIDAD - BOMA CORPORACI\u00d3N<\/title>\n<meta name=\"robots\" content=\"index, follow, max-snippet:-1, max-image-preview:large, max-video-preview:-1\" \/>\n<link rel=\"canonical\" href=\"https:\/\/bomaempresas.es\/en\/politica-calidad\/\" \/>\n<meta property=\"og:locale\" content=\"en_GB\" \/>\n<meta property=\"og:type\" content=\"article\" \/>\n<meta property=\"og:title\" content=\"POL\u00cdTICA DE CALIDAD - BOMA CORPORACI\u00d3N\" \/>\n<meta property=\"og:description\" content=\"BOMA CORPORACI\u00d3N S.L. es una empresa especializada en las siguientes actividades: \u00b7 Mantenimiento integral de edificios: servicios de limpieza, jardiner\u00eda y conservaci\u00f3n de los mismos. La experiencia en el sector, nos ha hecho valedores de la confianza de clientes de reconocida talla, con un alto grado de exigencia en los servicios, consiguiendo la satisfacci\u00f3n plena [&hellip;]\" \/>\n<meta property=\"og:url\" content=\"https:\/\/bomaempresas.es\/en\/politica-calidad\/\" \/>\n<meta property=\"og:site_name\" content=\"BOMA CORPORACI\u00d3N\" \/>\n<meta property=\"article:modified_time\" content=\"2023-05-09T22:45:58+00:00\" \/>\n<meta property=\"og:image\" content=\"https:\/\/bomaempresas.es\/2023\/wp-content\/uploads\/2023\/02\/firma-300x178.png\" \/>\n<meta name=\"twitter:card\" content=\"summary_large_image\" \/>\n<meta name=\"twitter:label1\" content=\"Estimated reading time\" \/>\n\t<meta name=\"twitter:data1\" content=\"2 minutes\" \/>\n<script type=\"application\/ld+json\" class=\"yoast-schema-graph\">{\"@context\":\"https:\/\/schema.org\",\"@graph\":[{\"@type\":\"WebPage\",\"@id\":\"https:\/\/bomaempresas.es\/politica-calidad\/\",\"url\":\"https:\/\/bomaempresas.es\/politica-calidad\/\",\"name\":\"POL\u00cdTICA DE CALIDAD - BOMA CORPORACI\u00d3N\",\"isPartOf\":{\"@id\":\"https:\/\/bomaempresas.es\/#website\"},\"primaryImageOfPage\":{\"@id\":\"https:\/\/bomaempresas.es\/politica-calidad\/#primaryimage\"},\"image\":{\"@id\":\"https:\/\/bomaempresas.es\/politica-calidad\/#primaryimage\"},\"thumbnailUrl\":\"https:\/\/bomaempresas.es\/2023\/wp-content\/uploads\/2023\/02\/firma-300x178.png\",\"datePublished\":\"2023-02-16T15:53:31+00:00\",\"dateModified\":\"2023-05-09T22:45:58+00:00\",\"breadcrumb\":{\"@id\":\"https:\/\/bomaempresas.es\/politica-calidad\/#breadcrumb\"},\"inLanguage\":\"en-GB\",\"potentialAction\":[{\"@type\":\"ReadAction\",\"target\":[\"https:\/\/bomaempresas.es\/politica-calidad\/\"]}]},{\"@type\":\"ImageObject\",\"inLanguage\":\"en-GB\",\"@id\":\"https:\/\/bomaempresas.es\/politica-calidad\/#primaryimage\",\"url\":\"https:\/\/bomaempresas.es\/2023\/wp-content\/uploads\/2023\/02\/firma-300x178.png\",\"contentUrl\":\"https:\/\/bomaempresas.es\/2023\/wp-content\/uploads\/2023\/02\/firma-300x178.png\"},{\"@type\":\"BreadcrumbList\",\"@id\":\"https:\/\/bomaempresas.es\/politica-calidad\/#breadcrumb\",\"itemListElement\":[{\"@type\":\"ListItem\",\"position\":1,\"name\":\"Portada\",\"item\":\"https:\/\/bomaempresas.es\/\"},{\"@type\":\"ListItem\",\"position\":2,\"name\":\"POL\u00cdTICA DE CALIDAD\"}]},{\"@type\":\"WebSite\",\"@id\":\"https:\/\/bomaempresas.es\/#website\",\"url\":\"https:\/\/bomaempresas.es\/\",\"name\":\"BOMA CORPORACI\u00d3N\",\"description\":\"Sector Servicios y Comunidades de Propietarios\",\"publisher\":{\"@id\":\"https:\/\/bomaempresas.es\/#organization\"},\"potentialAction\":[{\"@type\":\"SearchAction\",\"target\":{\"@type\":\"EntryPoint\",\"urlTemplate\":\"https:\/\/bomaempresas.es\/?s={search_term_string}\"},\"query-input\":{\"@type\":\"PropertyValueSpecification\",\"valueRequired\":true,\"valueName\":\"search_term_string\"}}],\"inLanguage\":\"en-GB\"},{\"@type\":\"Organization\",\"@id\":\"https:\/\/bomaempresas.es\/#organization\",\"name\":\"BOMA CORPORACI\u00d3N\",\"url\":\"https:\/\/bomaempresas.es\/\",\"logo\":{\"@type\":\"ImageObject\",\"inLanguage\":\"en-GB\",\"@id\":\"https:\/\/bomaempresas.es\/#\/schema\/logo\/image\/\",\"url\":\"https:\/\/bomaempresas.es\/2023\/wp-content\/uploads\/2023\/01\/logo.jpg\",\"contentUrl\":\"https:\/\/bomaempresas.es\/2023\/wp-content\/uploads\/2023\/01\/logo.jpg\",\"width\":255,\"height\":359,\"caption\":\"BOMA CORPORACI\u00d3N\"},\"image\":{\"@id\":\"https:\/\/bomaempresas.es\/#\/schema\/logo\/image\/\"}}]}<\/script>\n<!-- \/ Yoast SEO plugin. -->","yoast_head_json":{"title":"POL\u00cdTICA DE CALIDAD - BOMA CORPORACI\u00d3N","robots":{"index":"index","follow":"follow","max-snippet":"max-snippet:-1","max-image-preview":"max-image-preview:large","max-video-preview":"max-video-preview:-1"},"canonical":"https:\/\/bomaempresas.es\/en\/politica-calidad\/","og_locale":"en_GB","og_type":"article","og_title":"POL\u00cdTICA DE CALIDAD - BOMA CORPORACI\u00d3N","og_description":"BOMA CORPORACI\u00d3N S.L. es una empresa especializada en las siguientes actividades: \u00b7 Mantenimiento integral de edificios: servicios de limpieza, jardiner\u00eda y conservaci\u00f3n de los mismos. La experiencia en el sector, nos ha hecho valedores de la confianza de clientes de reconocida talla, con un alto grado de exigencia en los servicios, consiguiendo la satisfacci\u00f3n plena [&hellip;]","og_url":"https:\/\/bomaempresas.es\/en\/politica-calidad\/","og_site_name":"BOMA CORPORACI\u00d3N","article_modified_time":"2023-05-09T22:45:58+00:00","og_image":[{"url":"https:\/\/bomaempresas.es\/2023\/wp-content\/uploads\/2023\/02\/firma-300x178.png","type":"","width":"","height":""}],"twitter_card":"summary_large_image","twitter_misc":{"Estimated reading time":"2 minutes"},"schema":{"@context":"https:\/\/schema.org","@graph":[{"@type":"WebPage","@id":"https:\/\/bomaempresas.es\/politica-calidad\/","url":"https:\/\/bomaempresas.es\/politica-calidad\/","name":"POL\u00cdTICA DE CALIDAD - BOMA CORPORACI\u00d3N","isPartOf":{"@id":"https:\/\/bomaempresas.es\/#website"},"primaryImageOfPage":{"@id":"https:\/\/bomaempresas.es\/politica-calidad\/#primaryimage"},"image":{"@id":"https:\/\/bomaempresas.es\/politica-calidad\/#primaryimage"},"thumbnailUrl":"https:\/\/bomaempresas.es\/2023\/wp-content\/uploads\/2023\/02\/firma-300x178.png","datePublished":"2023-02-16T15:53:31+00:00","dateModified":"2023-05-09T22:45:58+00:00","breadcrumb":{"@id":"https:\/\/bomaempresas.es\/politica-calidad\/#breadcrumb"},"inLanguage":"en-GB","potentialAction":[{"@type":"ReadAction","target":["https:\/\/bomaempresas.es\/politica-calidad\/"]}]},{"@type":"ImageObject","inLanguage":"en-GB","@id":"https:\/\/bomaempresas.es\/politica-calidad\/#primaryimage","url":"https:\/\/bomaempresas.es\/2023\/wp-content\/uploads\/2023\/02\/firma-300x178.png","contentUrl":"https:\/\/bomaempresas.es\/2023\/wp-content\/uploads\/2023\/02\/firma-300x178.png"},{"@type":"BreadcrumbList","@id":"https:\/\/bomaempresas.es\/politica-calidad\/#breadcrumb","itemListElement":[{"@type":"ListItem","position":1,"name":"Portada","item":"https:\/\/bomaempresas.es\/"},{"@type":"ListItem","position":2,"name":"POL\u00cdTICA DE CALIDAD"}]},{"@type":"WebSite","@id":"https:\/\/bomaempresas.es\/#website","url":"https:\/\/bomaempresas.es\/","name":"BOMA CORPORACI\u00d3N","description":"Sector Servicios y Comunidades de Propietarios","publisher":{"@id":"https:\/\/bomaempresas.es\/#organization"},"potentialAction":[{"@type":"SearchAction","target":{"@type":"EntryPoint","urlTemplate":"https:\/\/bomaempresas.es\/?s={search_term_string}"},"query-input":{"@type":"PropertyValueSpecification","valueRequired":true,"valueName":"search_term_string"}}],"inLanguage":"en-GB"},{"@type":"Organization","@id":"https:\/\/bomaempresas.es\/#organization","name":"BOMA CORPORACI\u00d3N","url":"https:\/\/bomaempresas.es\/","logo":{"@type":"ImageObject","inLanguage":"en-GB","@id":"https:\/\/bomaempresas.es\/#\/schema\/logo\/image\/","url":"https:\/\/bomaempresas.es\/2023\/wp-content\/uploads\/2023\/01\/logo.jpg","contentUrl":"https:\/\/bomaempresas.es\/2023\/wp-content\/uploads\/2023\/01\/logo.jpg","width":255,"height":359,"caption":"BOMA CORPORACI\u00d3N"},"image":{"@id":"https:\/\/bomaempresas.es\/#\/schema\/logo\/image\/"}}]}},"_links":{"self":[{"href":"https:\/\/bomaempresas.es\/en\/wp-json\/wp\/v2\/pages\/1068","targetHints":{"allow":["GET"]}}],"collection":[{"href":"https:\/\/bomaempresas.es\/en\/wp-json\/wp\/v2\/pages"}],"about":[{"href":"https:\/\/bomaempresas.es\/en\/wp-json\/wp\/v2\/types\/page"}],"author":[{"embeddable":true,"href":"https:\/\/bomaempresas.es\/en\/wp-json\/wp\/v2\/users\/1"}],"replies":[{"embeddable":true,"href":"https:\/\/bomaempresas.es\/en\/wp-json\/wp\/v2\/comments?post=1068"}],"version-history":[{"count":40,"href":"https:\/\/bomaempresas.es\/en\/wp-json\/wp\/v2\/pages\/1068\/revisions"}],"predecessor-version":[{"id":1782,"href":"https:\/\/bomaempresas.es\/en\/wp-json\/wp\/v2\/pages\/1068\/revisions\/1782"}],"wp:attachment":[{"href":"https:\/\/bomaempresas.es\/en\/wp-json\/wp\/v2\/media?parent=1068"}],"curies":[{"name":"wp","href":"https:\/\/api.w.org\/{rel}","templated":true}]}}